{"id":3122,"date":"2025-11-17T08:51:31","date_gmt":"2025-11-17T01:51:31","guid":{"rendered":"https:\/\/demo1.vttagency.vn\/?page_id=3122"},"modified":"2025-11-19T02:52:10","modified_gmt":"2025-11-18T19:52:10","slug":"contact","status":"publish","type":"page","link":"https:\/\/marlinengineering.com.au\/?page_id=3122","title":{"rendered":"CONTACT"},"content":{"rendered":"<div class=\"row\"  id=\"row-1361071390\">\n\n\t<div id=\"col-1595091831\" class=\"col small-12 large-12\"  >\n\t\t\t\t<div class=\"col-inner\"  >\n\t\t\t\n\t\t\t\n\n<p><!-- L\u01b0u \u00fd: N\u1ebfu trang web c\u1ee7a b\u1ea1n \u0111\u00e3 t\u1ea3i Tailwind CSS v\u00e0 Font Inter, b\u1ea1n c\u00f3 th\u1ec3 x\u00f3a 2 th\u1ebb <script> v\u00e0 <link> \u0111\u1ea7u ti\u00ean. -->\n<!-- T\u1ea3i Tailwind CSS (gi\u1eef l\u1ea1i n\u1ebfu Tailwind ch\u01b0a \u0111\u01b0\u1ee3c t\u1ea3i) -->\n<script src=\"https:\/\/cdn.tailwindcss.com\"><\/script><br \/>\n<!-- T\u1ea3i Font Inter (gi\u1eef l\u1ea1i n\u1ebfu font ch\u01b0a \u0111\u01b0\u1ee3c t\u1ea3i) -->\n<link href=\"https:\/\/fonts.googleapis.com\/css2?family=Inter:wght@400;600;700&#038;display=swap\" rel=\"stylesheet\">\n<p><!-- S\u1eed d\u1ee5ng font Inter cho n\u1ed9i dung n\u00e0y --><\/p>\n<div style=\"font-family: 'Inter', sans-serif;\" class=\"antialiased p-4 sm:p-6 mx-auto\">\n<p>    <!-- Contact Card Container - Gi\u1ea3m \u0111\u1ed9 l\u1edbn c\u1ee7a shadow v\u00e0 bo vi\u1ec1n \u0111\u1ec3 ph\u00f9 h\u1ee3p h\u01a1n khi nh\u00fang --><\/p>\n<div class=\"bg-white p-6 sm:p-10 rounded-xl shadow-lg w-full max-w-4xl border-t-4 border-emerald-500\">\n<p>        <!-- Header Section --><\/p>\n<header class=\"mb-8\">\n            <!-- text-5xl v\u00e0 font-extrabold gi\u00fap ti\u00eau \u0111\u1ec1 n\u1ed5i b\u1eadt --><\/p>\n<h1 class=\"text-4xl sm:text-5xl font-extrabold text-gray-800 mb-2 border-b-2 border-amber-300 pb-2 inline-block\">CONTACT<\/h1>\n<p class=\"mt-4 text-lg text-gray-600 leading-relaxed\">\n                <!-- \u0110\u00e3 s\u1eeda l\u1ed7i Markdown b\u1eb1ng th\u1ebb <strong> --><br \/>\n                <strong>Ready to take your project to the next level?<\/strong> Contact Marlin Engineering to learn how we can help you achieve your goals.\n            <\/p>\n<\/header>\n<p>        <!-- Contact Details Grid --><\/p>\n<div class=\"grid grid-cols-1 md:grid-cols-2 gap-8 mt-8\">\n<p>            <!-- Contact Information Column --><\/p>\n<section class=\"space-y-6\">\n<h2 class=\"text-2xl font-bold text-emerald-600 uppercase tracking-wider border-b pb-2\">CONTACT US<\/h2>\n<p>                <!-- Location --><\/p>\n<div class=\"flex items-start space-x-3\">\n                    <svg xmlns=\"http:\/\/www.w3.org\/2000\/svg\" class=\"h-6 w-6 text-amber-500 mt-1 flex-shrink-0\" fill=\"none\" viewBox=\"0 0 24 24\" stroke=\"currentColor\" stroke-width=\"2\">\n                      <path stroke-linecap=\"round\" stroke-linejoin=\"round\" d=\"M17.657 16.727A8 8 0 0115.357 12.357M18 10a6 6 0 11-12 0 6 6 0 0112 0zM12 21.657a1 1 0 01-.707-.293l-6-6A10 10 0 012 10C2 5.029 6.029 1 11 1c4.97 0 9 4.029 9 9a10 10 0 01-4.707 8.364l-6 6a1 1 0 01-.707.293z\" \/>\n                    <\/svg><\/p>\n<div>\n<p class=\"text-gray-900 font-semibold\">Location:<\/p>\n<p class=\"text-gray-700\">18 Proffit Street, Davenport, WA 6230<\/p>\n<\/p><\/div>\n<\/p><\/div>\n<p>                <!-- Phone --><\/p>\n<div class=\"flex items-start space-x-3\">\n                    <svg xmlns=\"http:\/\/www.w3.org\/2000\/svg\" class=\"h-6 w-6 text-amber-500 mt-1 flex-shrink-0\" fill=\"none\" viewBox=\"0 0 24 24\" stroke=\"currentColor\" stroke-width=\"2\">\n                      <path stroke-linecap=\"round\" stroke-linejoin=\"round\" d=\"M3 5a2 2 0 012-2h3.28a1 1 0 01.948.684l1.498 4.493a1 1 0 01-.502 1.21l-2.005 1.48a10.606 10.606 0 003.886 3.886l1.48-2.005a1 1 0 011.21-.502l4.493 1.498A1 1 0 0119 15.72V19a2 2 0 01-2 2h-4.596a15.485 15.485 0 01-9.808-4.808A15.485 15.485 0 013 7.596V5z\" \/>\n                    <\/svg><\/p>\n<div>\n<p class=\"text-gray-900 font-semibold\">TEL:<\/p>\n<p>                        <a href=\"tel:0468444828\" class=\"text-emerald-600 hover:text-emerald-700 font-medium\">0468 444 828<\/a>\n                    <\/div>\n<\/p><\/div>\n<p>                <!-- Email --><\/p>\n<div class=\"flex items-start space-x-3\">\n                    <svg xmlns=\"http:\/\/www.w3.org\/2000\/svg\" class=\"h-6 w-6 text-amber-500 mt-1 flex-shrink-0\" fill=\"none\" viewBox=\"0 0 24 24\" stroke=\"currentColor\" stroke-width=\"2\">\n                      <path stroke-linecap=\"round\" stroke-linejoin=\"round\" d=\"M3 8l7.89 5.26a2 2 0 002.22 0L21 8M5 19h14a2 2 0 002-2V7a2 2 0 00-2-2H5a2 2 0 00-2 2v10a2 2 0 002 2z\" \/>\n                    <\/svg><\/p>\n<div>\n<p class=\"text-gray-900 font-semibold\">Email:<\/p>\n<p>                        <a href=\"mailto:contact@marlinengineering.com.au\" class=\"text-emerald-600 hover:text-emerald-700 font-medium break-all\">contact@marlinengineering.com.au<\/a>\n                    <\/div>\n<\/p><\/div>\n<\/section>\n<p>            <!-- Company & Registration Details Column --><\/p>\n<section class=\"space-y-6 p-4 bg-gray-50 rounded-lg border border-gray-100\">\n<h2 class=\"text-xl font-bold text-gray-800 border-b pb-2\">COMPANY DETAILS<\/h2>\n<div class=\"space-y-2\">\n<p class=\"text-gray-900 font-bold text-lg\">MARLIN ENGINEERING AUSTRALIA PTY LTD<\/p>\n<p class=\"text-sm text-gray-700\">\n                        <span class=\"font-semibold text-gray-800\">ABN:<\/span> 87 682 364 423\n                    <\/p>\n<p class=\"text-sm text-gray-700\">\n                        <span class=\"font-semibold text-gray-800\">ACN:<\/span> 682 364 423\n                    <\/p>\n<\/p><\/div>\n<div class=\"border-t pt-4\">\n<p class=\"text-sm text-gray-800 font-semibold leading-relaxed\">\n                        WA Building Engineering Contractor (Civil and Structural) Registration:\n                    <\/p>\n<p class=\"text-emerald-600 font-bold text-lg\">BEC22<\/p>\n<\/p><\/div>\n<\/section><\/div>\n<\/p><\/div>\n<\/div>\n\n\t\t<\/div>\n\t\t\t\t\t<\/div>\n\n\t\n<\/div>\n","protected":false},"excerpt":{"rendered":"","protected":false},"author":1,"featured_media":0,"parent":0,"menu_order":0,"comment_status":"closed","ping_status":"closed","template":"","meta":{"footnotes":""},"class_list":["post-3122","page","type-page","status-publish","hentry"],"_links":{"self":[{"href":"https:\/\/marlinengineering.com.au\/index.php?rest_route=\/wp\/v2\/pages\/3122","targetHints":{"allow":["GET"]}}],"collection":[{"href":"https:\/\/marlinengineering.com.au\/index.php?rest_route=\/wp\/v2\/pages"}],"about":[{"href":"https:\/\/marlinengineering.com.au\/index.php?rest_route=\/wp\/v2\/types\/page"}],"author":[{"embeddable":true,"href":"https:\/\/marlinengineering.com.au\/index.php?rest_route=\/wp\/v2\/users\/1"}],"replies":[{"embeddable":true,"href":"https:\/\/marlinengineering.com.au\/index.php?rest_route=%2Fwp%2Fv2%2Fcomments&post=3122"}],"version-history":[{"count":6,"href":"https:\/\/marlinengineering.com.au\/index.php?rest_route=\/wp\/v2\/pages\/3122\/revisions"}],"predecessor-version":[{"id":3259,"href":"https:\/\/marlinengineering.com.au\/index.php?rest_route=\/wp\/v2\/pages\/3122\/revisions\/3259"}],"wp:attachment":[{"href":"https:\/\/marlinengineering.com.au\/index.php?rest_route=%2Fwp%2Fv2%2Fmedia&parent=3122"}],"curies":[{"name":"wp","href":"https:\/\/api.w.org\/{rel}","templated":true}]}}